{"id":1414,"date":"2016-06-30T10:22:24","date_gmt":"2016-06-30T08:22:24","guid":{"rendered":"http:\/\/www.toproc.ch\/?page_id=1414"},"modified":"2017-05-22T15:22:10","modified_gmt":"2017-05-22T13:22:10","slug":"industrieprodukte","status":"publish","type":"page","link":"https:\/\/www.toproc.ch\/de\/industrieprodukte\/","title":{"rendered":"Industrieprodukte"},"content":{"rendered":"<\/div><\/div><\/div><!-- close content main div --><\/div><\/div><div id='av_section_1' class='avia-section main_color avia-section-huge avia-no-border-styling avia-full-stretch av-section-color-overlay-active avia-bg-style-scroll  av-minimum-height av-minimum-height-50 container_wrap sidebar_right' style = 'background-repeat: no-repeat; background-image: url(https:\/\/www.toproc.ch\/wp-content\/uploads\/P5260109_b_169_1920x1080-1500x844.jpg); background-attachment: scroll; background-position: center center; ' data-section-bg-repeat='stretch' ><div class='av-section-color-overlay-wrap'><div class='av-section-color-overlay' style='opacity: 0.8; background-image: url(https:\/\/www.toproc.ch\/wp-content\/themes\/enfold\/images\/background-images\/dots-for-light-background.png); background-repeat: repeat;'><\/div><a href='#next-section' title='' class='scroll-down-link' aria-hidden='true' data-av_icon='\ue877' data-av_iconfont='entypo-fontello'><\/a><div class='container' ><div class='template-page content  av-content-small alpha units'><div class='post-entry post-entry-type-page post-entry-1414'><div class='entry-content-wrapper clearfix'>\n<div style='padding-bottom:10px;color:#ffffff;font-size:40px;' class='av-special-heading av-special-heading-h1 custom-color-heading blockquote modern-quote modern-centered   av-thin-font av-inherit-size'><h1 class='av-special-heading-tag'  itemprop=\"headline\"  >Toproc <strong>Industrieprodukte<\/strong><\/h1><div class='special-heading-border'><div class='special-heading-inner-border' style='border-color:#ffffff'><\/div><\/div><\/div>\n<div style=' margin-top:40px; margin-bottom:40px;'  class='hr hr-custom hr-center hr-icon-no '><span class='hr-inner   inner-border-av-border-fat' style=' width:50px;' ><span class='hr-inner-style'><\/span><\/span><\/div>\n<\/div><\/div><\/div><!-- close content main div --><\/div><\/div><\/div><div id='after_section_1' class='main_color av_default_container_wrap container_wrap sidebar_right'   ><div class='container' ><div class='template-page content  av-content-small alpha units'><div class='post-entry post-entry-type-page post-entry-1414'><div class='entry-content-wrapper clearfix'>\n<div class=\"flex_column av_one_full  flex_column_div av-zero-column-padding first  \" style='border-radius:0px; '><section class=\"av_textblock_section\"  itemscope=\"itemscope\" itemtype=\"https:\/\/schema.org\/CreativeWork\" ><div class='avia_textblock '   itemprop=\"text\" ><p>Wir produzieren Spezialteile nach spezifischen Kundenw\u00fcnschen. Von pr\u00e4zisen Kleinpressteilen aus Messing, Neusilber oder Inoxmaterial \u00fcber Spezialschrauben bis zu Agraffen und kleinen Massenstiften aus Stahl.<\/p>\n<\/div><\/section><\/div>\n<\/div><\/div><\/div><!-- close content main div --><\/div><\/div><\/div><div id='av_section_2' class='avia-section alternate_color avia-section-default avia-no-shadow avia-bg-style-scroll  container_wrap sidebar_right'   ><div class='container' ><div class='template-page content  av-content-small alpha units'><div class='post-entry post-entry-type-page post-entry-1414'><div class='entry-content-wrapper clearfix'>\n<div class=\"togglecontainer toggle_close_all \">\n<section class=\"av_toggle_section\"  itemscope=\"itemscope\" itemtype=\"https:\/\/schema.org\/CreativeWork\" >    <div class=\"single_toggle\" data-tags=\"{Alle} \" >        <p data-fake-id=\"#toggle-id-1\" class=\"toggler \"  itemprop=\"headline\" >Nieten<span class=\"toggle_icon\">        <span class=\"vert_icon\"><\/span><span class=\"hor_icon\"><\/span><\/span><\/p>        <div id=\"toggle-id-1-container\" class=\"toggle_wrap \" >            <div class=\"toggle_content invers-color\"  itemprop=\"text\" ><p>F\u00fcr die weltbekannten Victorinox-Messer.<\/p>\n            <\/div>        <\/div>    <\/div><\/section>\n<section class=\"av_toggle_section\"  itemscope=\"itemscope\" itemtype=\"https:\/\/schema.org\/CreativeWork\" >    <div class=\"single_toggle\" data-tags=\"{Alle} \" >        <p data-fake-id=\"#toggle-id-2\" class=\"toggler \"  itemprop=\"headline\" >Agraffen<span class=\"toggle_icon\">        <span class=\"vert_icon\"><\/span><span class=\"hor_icon\"><\/span><\/span><\/p>        <div id=\"toggle-id-2-container\" class=\"toggle_wrap \" >            <div class=\"toggle_content invers-color\"  itemprop=\"text\" ><p>Ausf\u00fchrung: blank, verzinkt, feuerverzinkt<br \/>\nDimensionen: 1.2 x 12 mm bis 5.0 x 50 mm<\/p>\n            <\/div>        <\/div>    <\/div><\/section>\n<section class=\"av_toggle_section\"  itemscope=\"itemscope\" itemtype=\"https:\/\/schema.org\/CreativeWork\" >    <div class=\"single_toggle\" data-tags=\"{Alle} \" >        <p data-fake-id=\"#toggle-id-3\" class=\"toggler \"  itemprop=\"headline\" >Stifte mit Flachkopf<span class=\"toggle_icon\">        <span class=\"vert_icon\"><\/span><span class=\"hor_icon\"><\/span><\/span><\/p>        <div id=\"toggle-id-3-container\" class=\"toggle_wrap \" >            <div class=\"toggle_content invers-color\"  itemprop=\"text\" ><p>Ausf\u00fchrung: blank, verzinkt, feuerverzinkt<br \/>\nDimensionen: 0.8 x 10 mm bis 2.0 x 60 mm<\/p>\n            <\/div>        <\/div>    <\/div><\/section>\n<section class=\"av_toggle_section\"  itemscope=\"itemscope\" itemtype=\"https:\/\/schema.org\/CreativeWork\" >    <div class=\"single_toggle\" data-tags=\"{Alle} \" >        <p data-fake-id=\"#toggle-id-4\" class=\"toggler \"  itemprop=\"headline\" >Stifte mit Senkkopf<span class=\"toggle_icon\">        <span class=\"vert_icon\"><\/span><span class=\"hor_icon\"><\/span><\/span><\/p>        <div id=\"toggle-id-4-container\" class=\"toggle_wrap \" >            <div class=\"toggle_content invers-color\"  itemprop=\"text\" ><p>Ausf\u00fchrung: blank, verzinkt, feuerverzinkt<br \/>\nDimensionen: 1.0 x 15 bis 2.0 x 50 mm<\/p>\n            <\/div>        <\/div>    <\/div><\/section>\n<section class=\"av_toggle_section\"  itemscope=\"itemscope\" itemtype=\"https:\/\/schema.org\/CreativeWork\" >    <div class=\"single_toggle\" data-tags=\"{Alle} \" >        <p data-fake-id=\"#toggle-id-5\" class=\"toggler \"  itemprop=\"headline\" >Stifte mit Breitkopf<span class=\"toggle_icon\">        <span class=\"vert_icon\"><\/span><span class=\"hor_icon\"><\/span><\/span><\/p>        <div id=\"toggle-id-5-container\" class=\"toggle_wrap \" >            <div class=\"toggle_content invers-color\"  itemprop=\"text\" ><p>Ausf\u00fchrung: blank, verzinkt, feuerverzinkt<br \/>\nDimensionen: 2.0 x 20 mm bis 2.0 x 35 mm<\/p>\n            <\/div>        <\/div>    <\/div><\/section>\n<section class=\"av_toggle_section\"  itemscope=\"itemscope\" itemtype=\"https:\/\/schema.org\/CreativeWork\" >    <div class=\"single_toggle\" data-tags=\"{Alle} \" >        <p data-fake-id=\"#toggle-id-6\" class=\"toggler \"  itemprop=\"headline\" >Biegeteile<span class=\"toggle_icon\">        <span class=\"vert_icon\"><\/span><span class=\"hor_icon\"><\/span><\/span><\/p>        <div id=\"toggle-id-6-container\" class=\"toggle_wrap \" >            <div class=\"toggle_content invers-color\"  itemprop=\"text\" ><p>Artikel: Fensterhaken, Hakenschrauben, Ringschrauben, Schaukelschrauben, Schlaufenschrauben, usw.<br \/>\nDimensionen: in verschiedenen Gr\u00f6ssen und Formen<\/p>\n            <\/div>        <\/div>    <\/div><\/section>\n<section class=\"av_toggle_section\"  itemscope=\"itemscope\" itemtype=\"https:\/\/schema.org\/CreativeWork\" >    <div class=\"single_toggle\" data-tags=\"{Alle} \" >        <p data-fake-id=\"#toggle-id-7\" class=\"toggler \"  itemprop=\"headline\" >Schrauben und Pr\u00e4zisionspressteile<span class=\"toggle_icon\">        <span class=\"vert_icon\"><\/span><span class=\"hor_icon\"><\/span><\/span><\/p>        <div id=\"toggle-id-7-container\" class=\"toggle_wrap \" >            <div class=\"toggle_content invers-color\"  itemprop=\"text\" ><p>F\u00fcr verschiedene Anwendungsbereiche und nach kundenspezifischen Anforderungen.<\/p>\n            <\/div>        <\/div>    <\/div><\/section>\n<\/div>\n<\/div><\/div><\/div><!-- close content main div --><\/div><\/div><div id='after_section_2' class='main_color av_default_container_wrap container_wrap sidebar_right'   ><div class='container' ><div class='template-page content  av-content-small alpha units'><div class='post-entry post-entry-type-page post-entry-1414'><div class='entry-content-wrapper clearfix'>\n","protected":false},"excerpt":{"rendered":"","protected":false},"author":1,"featured_media":0,"parent":0,"menu_order":0,"comment_status":"closed","ping_status":"closed","template":"","meta":[],"_links":{"self":[{"href":"https:\/\/www.toproc.ch\/de\/wp-json\/wp\/v2\/pages\/1414\/"}],"collection":[{"href":"https:\/\/www.toproc.ch\/de\/wp-json\/wp\/v2\/pages\/"}],"about":[{"href":"https:\/\/www.toproc.ch\/de\/wp-json\/wp\/v2\/types\/page\/"}],"author":[{"embeddable":true,"href":"https:\/\/www.toproc.ch\/de\/wp-json\/wp\/v2\/users\/1\/"}],"replies":[{"embeddable":true,"href":"https:\/\/www.toproc.ch\/de\/wp-json\/wp\/v2\/comments\/?post=1414"}],"version-history":[{"count":38,"href":"https:\/\/www.toproc.ch\/de\/wp-json\/wp\/v2\/pages\/1414\/revisions\/"}],"predecessor-version":[{"id":1687,"href":"https:\/\/www.toproc.ch\/de\/wp-json\/wp\/v2\/pages\/1414\/revisions\/1687\/"}],"wp:attachment":[{"href":"https:\/\/www.toproc.ch\/de\/wp-json\/wp\/v2\/media\/?parent=1414"}],"curies":[{"name":"wp","href":"https:\/\/api.w.org\/{rel}","templated":true}]}}