{"id":431,"date":"2015-02-22T19:55:57","date_gmt":"2015-02-22T19:55:57","guid":{"rendered":"http:\/\/wp\/enfold-medium-business\/?page_id=11"},"modified":"2017-05-22T15:58:39","modified_gmt":"2017-05-22T13:58:39","slug":"home","status":"publish","type":"page","link":"https:\/\/www.toproc.ch\/de\/","title":{"rendered":"Home"},"content":{"rendered":"<\/div><\/div><\/div><!-- close content main div --><\/div><\/div><div id='av_section_1' class='avia-section main_color avia-section-default avia-no-border-styling avia-full-stretch av-section-color-overlay-active avia-bg-style-scroll  av-minimum-height av-minimum-height-75 container_wrap sidebar_right' style = 'background-repeat: no-repeat; background-image: url(https:\/\/www.toproc.ch\/wp-content\/uploads\/P5260044_b_169_1920x1080_sw.jpg); background-attachment: scroll; background-position: center center; ' data-section-bg-repeat='stretch' ><div class='av-section-color-overlay-wrap'><div class='av-section-color-overlay' style='opacity: 0.1; background-color: #c43935; '><\/div><a href='#next-section' title='' class='scroll-down-link' aria-hidden='true' data-av_icon='\ue877' data-av_iconfont='entypo-fontello'><\/a><div class='container' ><div class='template-page content  av-content-small alpha units'><div class='post-entry post-entry-type-page post-entry-431'><div class='entry-content-wrapper clearfix'>\n<div class=\"flex_column av_three_fourth  flex_column_div av-zero-column-padding first  \" style='border-radius:0px; '><p><div style='text-align:left; color:#ffffff; font-size:63px; ' class='av-rotator-container' data-interval='3' data-animation='1'><h2 class='av-rotator-container-inner'>DIE RICHTIGE SCHRAUBENART F\u00dcR JEDE MONTAGEART<span class='av-rotator-text av-rotator-multiline-on'><\/span><\/h2><\/div><br \/>\n<div style=' margin-top:40px; margin-bottom:40px;'  class='hr hr-custom hr-left hr-icon-no '><span class='hr-inner   inner-border-av-border-fat' style=' width:50px; border-color:#ffffff;' ><span class='hr-inner-style'><\/span><\/span><\/div><\/p><\/div><div class=\"flex_column av_one_fourth  flex_column_div av-zero-column-padding   \" style='border-radius:0px; '><p><div style='height:50px' class='hr hr-invisible '><span class='hr-inner ' ><span class='hr-inner-style'><\/span><\/span><\/div><br \/>\n<span class=\"av_font_icon avia_animate_when_visible av-icon-style-border  avia-icon-pos-center \" style=\"color:#ffffff; border-color:#ffffff;\"><a href='https:\/\/www.youtube.com\/watch?v=1i8fKS27nfY'   class='av-icon-char' style='font-size:40px;line-height:40px;width:40px;' aria-hidden='true' data-av_icon='\ue897' data-av_iconfont='entypo-fontello' data-avia-icon-tooltip=\"&lt;br \/&gt;\nSo geht&amp;#8217;s&lt;br \/&gt;\n\"><\/a><\/span><\/p><\/div>\n<\/div><\/div><\/div><!-- close content main div --><\/div><\/div><\/div><div id='after_section_1' class='main_color av_default_container_wrap container_wrap sidebar_right'   ><div class='container' ><div class='template-page content  av-content-small alpha units'><div class='post-entry post-entry-type-page post-entry-431'><div class='entry-content-wrapper clearfix'>\n<\/div><\/div><\/div><!-- close content main div --><\/div><\/div><\/div><div id='av_section_2' class='avia-section main_color avia-section-huge avia-no-border-styling avia-bg-style-scroll  container_wrap sidebar_right' style = 'background-color: #d6d6d6; background-color: #d6d6d6; '  ><div class='container' ><div class='template-page content  av-content-small alpha units'><div class='post-entry post-entry-type-page post-entry-431'><div class='entry-content-wrapper clearfix'>\n<div class=\"flex_column av_one_fifth  flex_column_div first  \" ><\/div><div class=\"flex_column av_three_fifth  flex_column_div av-zero-column-padding   \" style='border-radius:0px; '><div style='padding-bottom:10px;font-size:40px;' class='av-special-heading av-special-heading-h1  blockquote modern-quote modern-centered   av-thin-font av-inherit-size'><h1 class='av-special-heading-tag'  itemprop=\"headline\"  >Justieren, Distanzen \u00fcberwinden: Mit Toproc <strong>schrauben<\/strong> Sie richtig.<\/h1><div class='special-heading-border'><div class='special-heading-inner-border' ><\/div><\/div><\/div><\/div><div class=\"flex_column av_one_fifth  flex_column_div av-zero-column-padding   \" style='border-radius:0px; '><\/div><div style=' margin-top:70px; margin-bottom:70px;'  class='hr hr-custom hr-center hr-icon-no '><span class='hr-inner   inner-border-av-border-fat' style=' width:50px; border-color:#000000;' ><span class='hr-inner-style'><\/span><\/span><\/div>\n<div class=\"flex_column av_one_half  flex_column_div av-zero-column-padding first  \" style='background-color:#e4e4e4; border-radius:0px; '><p><div class='avia-image-container  av-styling-no-styling av-hover-grow  avia-align-center '  itemscope=\"itemscope\" itemtype=\"https:\/\/schema.org\/ImageObject\"  ><div class='avia-image-container-inner'><img class='avia_image ' src='https:\/\/www.toproc.ch\/wp-content\/uploads\/toproc-bwfestigungssysteme.jpg' alt='' title='toproc-bwfestigungssysteme'   itemprop=\"contentURL\"  \/><\/div><\/div><br \/>\n<section class=\"av_textblock_section\"  itemscope=\"itemscope\" itemtype=\"https:\/\/schema.org\/CreativeWork\" ><div class='avia_textblock '   itemprop=\"text\" ><h3>BEFESTIGUNGSSYSTEME<\/h3>\n<p>Die Befestigungssysteme von Toproc sind in den meisten europ\u00e4ischen L\u00e4ndern bestens bekannt und beliebt. Die gesch\u00fctzte Marke Toproc\u00ae ist nicht mehr wegzudenken. Schweizer Qualit\u00e4t, Lieferbereitschaft und Flexibilit\u00e4t verbergen sich hinter dem Namen Toproc\u00ae. Das clevere System wird laufend mit neuen, praktischen Produkten erg\u00e4nzt.<\/p>\n<p><a href=\"\/de\/befestigungssysteme\/\">weiterlesen&#8230;<\/a><\/p>\n<\/div><\/section><\/p><\/div><div class=\"flex_column av_one_half  flex_column_div av-zero-column-padding   \" style='background-color:#e4e4e4; border-radius:0px; '><p><div class='avia-image-container  av-styling- av-hover-grow  avia-align-center '  itemscope=\"itemscope\" itemtype=\"https:\/\/schema.org\/ImageObject\"  ><div class='avia-image-container-inner'><img class='avia_image ' src='https:\/\/www.toproc.ch\/wp-content\/uploads\/toproc-industreiprodukte.jpg' alt='' title='toproc-industreiprodukte'   itemprop=\"contentURL\"  \/><\/div><\/div><br \/>\n<section class=\"av_textblock_section\"  itemscope=\"itemscope\" itemtype=\"https:\/\/schema.org\/CreativeWork\" ><div class='avia_textblock '   itemprop=\"text\" ><h3>INDUSTRIEPRODUKTE<\/h3>\n<p>Wir produzieren Spezialteile nach spezifischen Kundenw\u00fcnschen. Von pr\u00e4zisen Kleinpressteilen aus Messing, Neusilber oder Inoxmaterial \u00fcber Spezialschrauben bis zu Agraffen und kleinen Massenstiften aus Stahl.<\/p>\n<p><a href=\"http:\/\/www.toproc.ch\/industrieprodukte\/\">weiterlesen&#8230;<\/a><\/p>\n<\/div><\/section><\/p><\/div>\n<\/div><\/div><\/div><!-- close content main div --><\/div><\/div><div id='after_section_2' class='main_color av_default_container_wrap container_wrap sidebar_right'   ><div class='container' ><div class='template-page content  av-content-small alpha units'><div class='post-entry post-entry-type-page post-entry-431'><div class='entry-content-wrapper clearfix'>\n<\/div><\/div><\/div><!-- close content main div --><\/div><\/div><div id='av_section_3' class='avia-section main_color avia-section-default avia-no-shadow avia-bg-style-scroll  container_wrap sidebar_right' style = 'background-color: #ffffff; background-color: #ffffff; '  ><div class='container' ><div class='template-page content  av-content-small alpha units'><div class='post-entry post-entry-type-page post-entry-431'><div class='entry-content-wrapper clearfix'>\n<div class=\"flex_column av_one_full  flex_column_div av-zero-column-padding first  \" style='border-radius:0px; '><section class=\"av_textblock_section\"  itemscope=\"itemscope\" itemtype=\"https:\/\/schema.org\/CreativeWork\" ><div class='avia_textblock '   itemprop=\"text\" ><h3>\u00dcber uns<\/h3>\n<p>Die Toproc AG ist in ihrem Hauptgesch\u00e4ft &#8211; dem Distanzschrauben-Montagesystem &#8211; europ\u00e4ischer Marktleader. Neben dem wichtigen Home-Markt gewinnt der Export immer mehr an Bedeutung.<\/p>\n<p><a href=\"\/de\/ueber-uns\/\">weiterlesen&#8230;.<\/a><\/p>\n<\/div><\/section><\/div>\n<\/div><\/div><\/div><!-- close content main div --><\/div><\/div><div id='after_section_3' class='main_color av_default_container_wrap container_wrap sidebar_right'   ><div class='container' ><div class='template-page content  av-content-small alpha units'><div class='post-entry post-entry-type-page post-entry-431'><div class='entry-content-wrapper clearfix'>\n","protected":false},"excerpt":{"rendered":"","protected":false},"author":1,"featured_media":0,"parent":0,"menu_order":0,"comment_status":"open","ping_status":"open","template":"","meta":[],"_links":{"self":[{"href":"https:\/\/www.toproc.ch\/de\/wp-json\/wp\/v2\/pages\/431\/"}],"collection":[{"href":"https:\/\/www.toproc.ch\/de\/wp-json\/wp\/v2\/pages\/"}],"about":[{"href":"https:\/\/www.toproc.ch\/de\/wp-json\/wp\/v2\/types\/page\/"}],"author":[{"embeddable":true,"href":"https:\/\/www.toproc.ch\/de\/wp-json\/wp\/v2\/users\/1\/"}],"replies":[{"embeddable":true,"href":"https:\/\/www.toproc.ch\/de\/wp-json\/wp\/v2\/comments\/?post=431"}],"version-history":[{"count":68,"href":"https:\/\/www.toproc.ch\/de\/wp-json\/wp\/v2\/pages\/431\/revisions\/"}],"predecessor-version":[{"id":1964,"href":"https:\/\/www.toproc.ch\/de\/wp-json\/wp\/v2\/pages\/431\/revisions\/1964\/"}],"wp:attachment":[{"href":"https:\/\/www.toproc.ch\/de\/wp-json\/wp\/v2\/media\/?parent=431"}],"curies":[{"name":"wp","href":"https:\/\/api.w.org\/{rel}","templated":true}]}}