{"id":1807,"date":"2017-03-17T08:54:58","date_gmt":"2017-03-17T07:54:58","guid":{"rendered":"http:\/\/www.toproc.ch\/?page_id=1807\/"},"modified":"2017-05-22T16:13:03","modified_gmt":"2017-05-22T14:13:03","slug":"home","status":"publish","type":"page","link":"https:\/\/www.toproc.ch\/fr\/","title":{"rendered":"Home"},"content":{"rendered":"<\/div><\/div><\/div><!-- close content main div --><\/div><\/div><div id='av_section_1' class='avia-section main_color avia-section-default avia-no-border-styling avia-full-stretch av-section-color-overlay-active avia-bg-style-scroll  av-minimum-height av-minimum-height-75 container_wrap sidebar_right' style = 'background-repeat: no-repeat; background-image: url(https:\/\/www.toproc.ch\/wp-content\/uploads\/P5260044_b_169_1920x1080_sw.jpg); background-attachment: scroll; background-position: center center; ' data-section-bg-repeat='stretch' ><div class='av-section-color-overlay-wrap'><div class='av-section-color-overlay' style='opacity: 0.1; background-color: #c43935; '><\/div><a href='#next-section' title='' class='scroll-down-link' aria-hidden='true' data-av_icon='\ue877' data-av_iconfont='entypo-fontello'><\/a><div class='container' ><div class='template-page content  av-content-small alpha units'><div class='post-entry post-entry-type-page post-entry-1807'><div class='entry-content-wrapper clearfix'>\n<div class=\"flex_column av_three_fourth  flex_column_div av-zero-column-padding first  \" style='border-radius:0px; '><p><div style='text-align:left; color:#ffffff; font-size:63px; ' class='av-rotator-container' data-interval='3' data-animation='1'><h2 class='av-rotator-container-inner'>LA VIS AD\u00c9QUATEPOUR CHAQUE MONTAGE<span class='av-rotator-text av-rotator-multiline-on'><\/span><\/h2><\/div><br \/>\n<div style=' margin-top:40px; margin-bottom:40px;'  class='hr hr-custom hr-left hr-icon-no '><span class='hr-inner   inner-border-av-border-fat' style=' width:50px; border-color:#ffffff;' ><span class='hr-inner-style'><\/span><\/span><\/div><\/p><\/div><div class=\"flex_column av_one_fourth  flex_column_div av-zero-column-padding   \" style='border-radius:0px; '><p><div style='height:50px' class='hr hr-invisible '><span class='hr-inner ' ><span class='hr-inner-style'><\/span><\/span><\/div><br \/>\n<span class=\"av_font_icon avia_animate_when_visible av-icon-style-border  avia-icon-pos-center \" style=\"color:#ffffff; border-color:#ffffff;\"><a href='https:\/\/www.youtube.com\/watch?v=1i8fKS27nfY'   class='av-icon-char' style='font-size:40px;line-height:40px;width:40px;' aria-hidden='true' data-av_icon='\ue897' data-av_iconfont='entypo-fontello' data-avia-icon-tooltip=\"&lt;br \/&gt;\nComment \u00e7a marche&lt;br \/&gt;\n\"><\/a><\/span><\/p><\/div>\n<\/div><\/div><\/div><!-- close content main div --><\/div><\/div><\/div><div id='after_section_1' class='main_color av_default_container_wrap container_wrap sidebar_right'   ><div class='container' ><div class='template-page content  av-content-small alpha units'><div class='post-entry post-entry-type-page post-entry-1807'><div class='entry-content-wrapper clearfix'>\n<\/div><\/div><\/div><!-- close content main div --><\/div><\/div><\/div><div id='av_section_2' class='avia-section main_color avia-section-huge avia-no-border-styling avia-bg-style-scroll  container_wrap sidebar_right' style = 'background-color: #d6d6d6; background-color: #d6d6d6; '  ><div class='container' ><div class='template-page content  av-content-small alpha units'><div class='post-entry post-entry-type-page post-entry-1807'><div class='entry-content-wrapper clearfix'>\n<div class=\"flex_column av_one_fifth  flex_column_div first  \" ><\/div><div class=\"flex_column av_three_fifth  flex_column_div av-zero-column-padding   \" style='border-radius:0px; '><div style='padding-bottom:10px;font-size:40px;' class='av-special-heading av-special-heading-h1  blockquote modern-quote modern-centered   av-inherit-size'><h1 class='av-special-heading-tag'  itemprop=\"headline\"  >AJUSTER, RESPECTER UNE DISTANCE: AVEC TOPROC VOUS AVEZ FAIT LE BON CHOIX.<\/h1><div class='special-heading-border'><div class='special-heading-inner-border' ><\/div><\/div><\/div><\/div><div class=\"flex_column av_one_fifth  flex_column_div av-zero-column-padding   \" style='border-radius:0px; '><\/div><div style=' margin-top:70px; margin-bottom:70px;'  class='hr hr-custom hr-center hr-icon-no '><span class='hr-inner   inner-border-av-border-fat' style=' width:50px; border-color:#000000;' ><span class='hr-inner-style'><\/span><\/span><\/div>\n<div class=\"flex_column av_one_half  flex_column_div av-zero-column-padding first  \" style='background-color:#e4e4e4; border-radius:0px; '><p><div class='avia-image-container  av-styling-no-styling av-hover-grow  avia-align-center '  itemscope=\"itemscope\" itemtype=\"https:\/\/schema.org\/ImageObject\"  ><div class='avia-image-container-inner'><img class='avia_image ' src='https:\/\/www.toproc.ch\/wp-content\/uploads\/toproc-bwfestigungssysteme.jpg' alt='' title='toproc-bwfestigungssysteme'   itemprop=\"contentURL\"  \/><\/div><\/div><br \/>\n<section class=\"av_textblock_section\"  itemscope=\"itemscope\" itemtype=\"https:\/\/schema.org\/CreativeWork\" ><div class='avia_textblock '   itemprop=\"text\" ><h3>Syst\u00e8mes de fixation<\/h3>\n<p>Les syst\u00e8mes de fixation Toproc sont bien connus et tr\u00e8s appr\u00e9ci\u00e9s dans la plupart des pays europ\u00e9ens. Le nom prot\u00e9g\u00e9 Toproc\u00ae est une garantie pour qualit\u00e9 Suisse, disponibilit\u00e9 des produits et flexibilit\u00e9. Le syst\u00e8me ing\u00e9nieux de Toproc est en permanence compl\u00e9t\u00e9 avec de nouveaux produits pratiques.<\/p>\n<p><a href=\"\/fr\/systemes-de-fixation\/\">plus&#8230;<\/a><\/p>\n<\/div><\/section><\/p><\/div><div class=\"flex_column av_one_half  flex_column_div av-zero-column-padding   \" style='background-color:#e4e4e4; border-radius:0px; '><p><div class='avia-image-container  av-styling- av-hover-grow  avia-align-center '  itemscope=\"itemscope\" itemtype=\"https:\/\/schema.org\/ImageObject\"  ><div class='avia-image-container-inner'><img class='avia_image ' src='https:\/\/www.toproc.ch\/wp-content\/uploads\/toproc-industreiprodukte.jpg' alt='' title='toproc-industreiprodukte'   itemprop=\"contentURL\"  \/><\/div><\/div><br \/>\n<section class=\"av_textblock_section\"  itemscope=\"itemscope\" itemtype=\"https:\/\/schema.org\/CreativeWork\" ><div class='avia_textblock '   itemprop=\"text\" ><h3>Produits industriels<\/h3>\n<p>Nous produisons des articles sp\u00e9ciaux selon les d\u00e9sirs sp\u00e9cifiques de nos clients. Notre gamme de fabrication est tr\u00e8s diversifi\u00e9e. Nous couvrons les secteurs d&rsquo;articles press\u00e9s en laiton, maillechort et acier inoxydable, ainsi que tous genre de vis sp\u00e9ciales, agrafes et pointes en acier.<\/p>\n<p><a href=\"\/fr\/produits-industriels\/\">plus&#8230;<\/a><\/p>\n<\/div><\/section><\/p><\/div><\/div><\/div><\/div><!-- close content main div --><\/div><\/div><div id='after_section_2' class='main_color av_default_container_wrap container_wrap sidebar_right'   ><div class='container' ><div class='template-page content  av-content-small alpha units'><div class='post-entry post-entry-type-page post-entry-1807'><div class='entry-content-wrapper clearfix'><\/div><\/div><\/div><!-- close content main div --><\/div><\/div><div id='av_section_3' class='avia-section main_color avia-section-default avia-no-shadow avia-bg-style-scroll  container_wrap sidebar_right' style = 'background-color: #ffffff; background-color: #ffffff; '  ><div class='container' ><div class='template-page content  av-content-small alpha units'><div class='post-entry post-entry-type-page post-entry-1807'><div class='entry-content-wrapper clearfix'>\n<div class=\"flex_column av_one_full  flex_column_div av-zero-column-padding first  \" style='border-radius:0px; '><section class=\"av_textblock_section\"  itemscope=\"itemscope\" itemtype=\"https:\/\/schema.org\/CreativeWork\" ><div class='avia_textblock '   itemprop=\"text\" ><h3>Pr\u00e9sentation<\/h3>\n<p>Le syst\u00e8me de vis de montage \u00e0 distance est l&rsquo;activit\u00e9 principale de Toproc SA qui est leader du march\u00e9 en Europe. Si le march\u00e9 suisse est de toute importance, l&rsquo;exportation gagne du terrain.<\/p>\n<p><a href=\"\/fr\/presentation\/\">plus&#8230;.<\/a><\/p>\n<\/div><\/section><\/div>\n<\/div><\/div><\/div><!-- close content main div --><\/div><\/div><div id='after_section_3' class='main_color av_default_container_wrap container_wrap sidebar_right'   ><div class='container' ><div class='template-page content  av-content-small alpha units'><div class='post-entry post-entry-type-page post-entry-1807'><div class='entry-content-wrapper clearfix'><\/p>\n<section class=\"av_textblock_section\"  itemscope=\"itemscope\" itemtype=\"https:\/\/schema.org\/CreativeWork\" ><div class='avia_textblock '   itemprop=\"text\" ><\/div><\/section>\n","protected":false},"excerpt":{"rendered":"","protected":false},"author":1,"featured_media":0,"parent":0,"menu_order":0,"comment_status":"open","ping_status":"open","template":"","meta":[],"_links":{"self":[{"href":"https:\/\/www.toproc.ch\/fr\/wp-json\/wp\/v2\/pages\/1807\/"}],"collection":[{"href":"https:\/\/www.toproc.ch\/fr\/wp-json\/wp\/v2\/pages\/"}],"about":[{"href":"https:\/\/www.toproc.ch\/fr\/wp-json\/wp\/v2\/types\/page\/"}],"author":[{"embeddable":true,"href":"https:\/\/www.toproc.ch\/fr\/wp-json\/wp\/v2\/users\/1\/"}],"replies":[{"embeddable":true,"href":"https:\/\/www.toproc.ch\/fr\/wp-json\/wp\/v2\/comments\/?post=1807"}],"version-history":[{"count":12,"href":"https:\/\/www.toproc.ch\/fr\/wp-json\/wp\/v2\/pages\/1807\/revisions\/"}],"predecessor-version":[{"id":1946,"href":"https:\/\/www.toproc.ch\/fr\/wp-json\/wp\/v2\/pages\/1807\/revisions\/1946\/"}],"wp:attachment":[{"href":"https:\/\/www.toproc.ch\/fr\/wp-json\/wp\/v2\/media\/?parent=1807"}],"curies":[{"name":"wp","href":"https:\/\/api.w.org\/{rel}","templated":true}]}}