{"id":1841,"date":"2017-04-13T11:24:58","date_gmt":"2017-04-13T09:24:58","guid":{"rendered":"http:\/\/www.toproc.ch\/?page_id=1841\/"},"modified":"2017-05-09T15:40:51","modified_gmt":"2017-05-09T13:40:51","slug":"presentation","status":"publish","type":"page","link":"https:\/\/www.toproc.ch\/fr\/presentation\/","title":{"rendered":"Presentation"},"content":{"rendered":"<\/div><\/div><\/div><!-- close content main div --><\/div><\/div><div id='av_section_1' class='avia-section main_color avia-section-huge avia-no-border-styling avia-full-stretch av-parallax-section av-section-color-overlay-active avia-bg-style-parallax  av-minimum-height av-minimum-height-50 container_wrap sidebar_right'  data-section-bg-repeat='stretch' ><div class='av-parallax' data-avia-parallax-ratio='0.3' ><div class='av-parallax-inner main_color  avia-full-stretch' style = 'background-repeat: no-repeat; background-image: url(https:\/\/www.toproc.ch\/wp-content\/uploads\/2015\/02\/filler-1.png); background-attachment: scroll; background-position: top center; ' ><\/div><\/div><div class='av-section-color-overlay-wrap'><div class='av-section-color-overlay' style='opacity: 0.8; background-color: #595959; '><\/div><a href='#next-section' title='' class='scroll-down-link' aria-hidden='true' data-av_icon='\ue877' data-av_iconfont='entypo-fontello'><\/a><div class='container' ><div class='template-page content  av-content-small alpha units'><div class='post-entry post-entry-type-page post-entry-1841'><div class='entry-content-wrapper clearfix'>\n<div class=\"flex_column av_one_fifth  flex_column_div first  \" ><\/div><div class=\"flex_column av_three_fifth  flex_column_div av-zero-column-padding   \" style='border-radius:0px; '><p><div style='padding-bottom:10px;color:#ffffff;font-size:40px;' class='av-special-heading av-special-heading-h1 custom-color-heading blockquote modern-quote modern-centered  av-thin-font av-inherit-size'><h1 class='av-special-heading-tag'  itemprop=\"headline\"  >Toproc <strong>Syst\u00e8mes de fixation<\/strong><\/h1><div class='special-heading-border'><div class='special-heading-inner-border' style='border-color:#ffffff'><\/div><\/div><\/div><br \/>\n<div style=' margin-top:40px; margin-bottom:40px;'  class='hr hr-custom hr-center hr-icon-no '><span class='hr-inner   inner-border-av-border-fat' style=' width:50px; border-color:#ffffff;' ><span class='hr-inner-style'><\/span><\/span><\/div><\/p><\/div><div class=\"flex_column av_one_fifth  flex_column_div av-zero-column-padding   \" style='border-radius:0px; '><\/div>\n<\/div><\/div><\/div><!-- close content main div --><\/div><\/div><\/div><div id='after_section_1' class='main_color av_default_container_wrap container_wrap sidebar_right'   ><div class='container' ><div class='template-page content  av-content-small alpha units'><div class='post-entry post-entry-type-page post-entry-1841'><div class='entry-content-wrapper clearfix'>\n<\/div><\/div><\/div><!-- close content main div --><\/div><\/div><\/div><div class='clear'><\/div><div id='sub_menu1' class='av-submenu-container main_color  av-sticky-submenu container_wrap sidebar_right'   style='z-index:301'><div class='container av-menu-mobile-active '><a href='#' class='mobile_menu_toggle' aria-hidden='true' data-av_icon='\ue8a5' data-av_iconfont='entypo-fontello'><span class='av-current-placeholder'>Menu<\/span><\/a><ul id='av-custom-submenu-1' class='av-subnav-menu av-submenu-pos-center'>\n<li class='menu-item menu-item-top-level  menu-item-top-level-1'><a href='#top' ><span class='avia-bullet'><\/span><span class='avia-menu-text'>Top<\/span><\/a><\/li>\n<li class='menu-item menu-item-top-level  menu-item-top-level-2'><a href='#values' ><span class='avia-bullet'><\/span><span class='avia-menu-text'>Das ist Toproc<\/span><\/a><\/li>\n<li class='menu-item menu-item-top-level av-menu-button av-menu-button-bordered menu-item-top-level-3'><a href='#contact' ><span class='avia-bullet'><\/span><span class='avia-menu-text'>Kontakt<\/span><\/a><\/li>\n<\/ul><\/div><\/div><div class='sticky_placeholder'><\/div>\n<\/div><\/div><\/div><!-- close content main div --><\/div><\/div><\/div><div id='values' class='avia-section main_color avia-section-huge avia-no-border-styling avia-bg-style-scroll  container_wrap sidebar_right'   ><div class='container' ><div class='template-page content  av-content-small alpha units'><div class='post-entry post-entry-type-page post-entry-1841'><div class='entry-content-wrapper clearfix'>\n<div class=\"flex_column av_one_fifth  flex_column_div first  \" ><\/div><div class=\"flex_column av_three_fifth  flex_column_div av-zero-column-padding   \" style='border-radius:0px; '><div style='padding-bottom:10px;font-size:40px;' class='av-special-heading av-special-heading-h1  blockquote modern-quote modern-centered   av-inherit-size'><h1 class='av-special-heading-tag'  itemprop=\"headline\"  >La vis ad\u00e9quate pour chaque montage<\/h1><div class='special-heading-border'><div class='special-heading-inner-border' ><\/div><\/div><\/div><\/div><div class=\"flex_column av_one_fifth  flex_column_div av-zero-column-padding   \" style='border-radius:0px; '><\/div><div style=' margin-top:70px; margin-bottom:70px;'  class='hr hr-custom hr-center hr-icon-no '><span class='hr-inner   inner-border-av-border-fat' style=' width:50px; border-color:#000000;' ><span class='hr-inner-style'><\/span><\/span><\/div>\n<div class=\"flex_column av_one_third  flex_column_div first  \" ><section class=\"av_textblock_section\"  itemscope=\"itemscope\" itemtype=\"https:\/\/schema.org\/CreativeWork\" ><div class='avia_textblock '   itemprop=\"text\" ><h3>Portrait<\/h3>\n<p>Le syst\u00e8me de vis de montage \u00e0 distance est l&rsquo;activit\u00e9 principale de Toproc SA qui est leader du march\u00e9 en Europe. Si le march\u00e9 suisse est de toute importance, l&rsquo;exportation gagne du terrain.<\/p>\n<\/div><\/section><\/div><div class=\"flex_column av_one_third  flex_column_div av-zero-column-padding   \" style='border-radius:0px; '><section class=\"av_textblock_section\"  itemscope=\"itemscope\" itemtype=\"https:\/\/schema.org\/CreativeWork\" ><div class='avia_textblock '   itemprop=\"text\" ><h3>Histoire<\/h3>\n<p>Au d\u00e9but des ann\u00e9es 90, issue d&rsquo;un management buy-out, Toproc SA s&rsquo;est impos\u00e9e comme une entreprise saine et solide. Des objectifs clairement d\u00e9finis et des structures claires sont \u00e0 la base de son succ\u00e8s.<\/p>\n<\/div><\/section><\/div><div class=\"flex_column av_one_third  flex_column_div av-zero-column-padding   \" style='border-radius:0px; '><section class=\"av_textblock_section\"  itemscope=\"itemscope\" itemtype=\"https:\/\/schema.org\/CreativeWork\" ><div class='avia_textblock '   itemprop=\"text\" ><h3>Brochure<\/h3>\n<ul>\n<li><a href=\"\/wp-content\/uploads\/broschuere_f.pdf\">Brochure Toproc<\/a>\u00a0(1005kb)<\/li>\n<li><a href=\"\/wp-content\/uploads\/industrie_uebersicht_f.pdf\">Vue d&rsquo;ensemble produits industriels<\/a>\u00a0( 80kb)<\/li>\n<li><a href=\"\/wp-content\/uploads\/blumendraht_uebersicht_f.pdf\">Vue d&rsquo;ensemble produits fil de fer<\/a>\u00a0(407kb)<\/li>\n<\/ul>\n<\/div><\/section><\/div>\n<\/div><\/div><\/div><!-- close content main div --><\/div><\/div><div id='after_section_2' class='main_color av_default_container_wrap container_wrap sidebar_right'   ><div class='container' ><div class='template-page content  av-content-small alpha units'><div class='post-entry post-entry-type-page post-entry-1841'><div class='entry-content-wrapper clearfix'>\n<\/div><\/div><\/div><!-- close content main div --><\/div><\/div><div id='contact' class='av-layout-grid-container entry-content-wrapper main_color av-flex-cells  container_wrap sidebar_right'   >\n<div class=\"flex_cell no_margin av_two_third   av-zero-padding \" style='vertical-align:top; padding:0px; background-color:#4ecac2; '><div class='flex_cell_inner' ><div  data-size='featured_large'  data-lightbox_size='large'  data-animation='slide'  data-ids='1343,1347,1346,1345,1344,1343'  data-video_counter='0'  data-autoplay='true'  data-bg_slider='false'  data-slide_height=''  data-handle='av_slideshow'  data-interval='3'  data-class=''  data-css_id=''  data-scroll_down=''  data-control_layout='av-control-minimal'  data-custom_markup=''  data-perma_caption=''  data-autoplay_stopper=''  data-default-height='42'  class='avia-slideshow avia-slideshow-1  av-control-minimal av-default-height-applied avia-slideshow-featured_large av_slideshow  avia-slide-slider '  itemscope=\"itemscope\" itemtype=\"https:\/\/schema.org\/ImageObject\" ><ul class='avia-slideshow-inner' style='padding-bottom: 42%;'><li  class=' slide-1 ' ><div data-rel='slideshow-1' class='avia-slide-wrap'  ><img src='https:\/\/www.toproc.ch\/wp-content\/uploads\/2015\/02\/slide_1.jpg' width='1500' height='630' title='slide_1' alt=''  itemprop=\"contentURL\"  \/><\/div><\/li><li  class=' slide-2 ' ><div data-rel='slideshow-1' class='avia-slide-wrap'  ><img src='https:\/\/www.toproc.ch\/wp-content\/uploads\/2015\/02\/slide_5.jpg' width='1500' height='630' title='slide_5' alt=''  itemprop=\"contentURL\"  \/><\/div><\/li><li  class=' slide-3 ' ><div data-rel='slideshow-1' class='avia-slide-wrap'  ><img src='https:\/\/www.toproc.ch\/wp-content\/uploads\/2015\/02\/slide_4.jpg' width='1500' height='630' title='slide_4' alt=''  itemprop=\"contentURL\"  \/><\/div><\/li><li  class=' slide-4 ' ><div data-rel='slideshow-1' class='avia-slide-wrap'  ><img src='https:\/\/www.toproc.ch\/wp-content\/uploads\/2015\/02\/slide_3.jpg' width='1500' height='630' title='slide_3' alt=''  itemprop=\"contentURL\"  \/><\/div><\/li><li  class=' slide-5 ' ><div data-rel='slideshow-1' class='avia-slide-wrap'  ><img src='https:\/\/www.toproc.ch\/wp-content\/uploads\/2015\/02\/slide_2.jpg' width='1500' height='630' title='slide_2' alt=''  itemprop=\"contentURL\"  \/><\/div><\/li><li  class=' slide-6 ' ><div data-rel='slideshow-1' class='avia-slide-wrap'  ><img src='https:\/\/www.toproc.ch\/wp-content\/uploads\/2015\/02\/slide_1.jpg' width='1500' height='630' title='slide_1' alt=''  itemprop=\"contentURL\"  \/><\/div><\/li><\/ul><div class='avia-slideshow-arrows avia-slideshow-controls'><a href='#prev' class='prev-slide' aria-hidden='true' data-av_icon='\ue87c' data-av_iconfont='entypo-fontello'>Pr\u00e9c\u00e9dent<\/a><a href='#next' class='next-slide' aria-hidden='true' data-av_icon='\ue87d' data-av_iconfont='entypo-fontello'>Suivant<\/a><\/div><div class='avia-slideshow-dots avia-slideshow-controls'><a href='#1' class='goto-slide active' >1<\/a><a href='#2' class='goto-slide ' >2<\/a><a href='#3' class='goto-slide ' >3<\/a><a href='#4' class='goto-slide ' >4<\/a><a href='#5' class='goto-slide ' >5<\/a><a href='#6' class='goto-slide ' >6<\/a><\/div><\/div>\n<\/div><\/div><div class=\"flex_cell no_margin av_one_third   \" style='vertical-align:middle; padding:30px; background-color:#c33834; '><div class='flex_cell_inner' ><section class=\"av_textblock_section\"  itemscope=\"itemscope\" itemtype=\"https:\/\/schema.org\/CreativeWork\" ><div class='avia_textblock  av_inherit_color'  style='color:#ffffff; '  itemprop=\"text\" ><p style=\"text-align: center;\">Aimeriez-vous recevoir plus d&rsquo;informations? Avez-vous des questions? Veuillez s.v.p. utiliser le formulaire de contact ci-dessous.<\/p>\n<\/div><\/section><br \/>\n<div style='height:15px' class='hr hr-invisible '><span class='hr-inner ' ><span class='hr-inner-style'><\/span><\/span><\/div><br \/>\n<div class='avia-button-wrap avia-button-center '><a href='https:\/\/www.toproc.ch\/fr\/contact\/' class='avia-button av-icon-on-hover avia-icon_select-yes-right-icon avia-color-light avia-size-x-large avia-position-center '   ><span class='avia_iconbox_title' >Contact<\/span><span class='avia_button_icon avia_button_icon_right' aria-hidden='true' data-av_icon='\ue805' data-av_iconfont='entypo-fontello'><\/span><\/a><\/div><\/p>\n<\/div><\/div>\n<\/div>\n<div class=\"flex_column av_one_full  flex_column_div av-zero-column-padding first  \" style='border-radius:0px; '><div  class='avia-video avia-video-16-9  '  itemprop=\"video\" itemtype=\"https:\/\/schema.org\/VideoObject\" ><div class='avia-iframe-wrap'><iframe width=\"1500\" height=\"844\" src=\"https:\/\/www.youtube.com\/embed\/Y7d77_Rj6xQ?feature=oembed\" frameborder=\"0\" allowfullscreen><\/iframe><\/div><\/div><\/div>\n<section class=\"av_textblock_section\"  itemscope=\"itemscope\" itemtype=\"https:\/\/schema.org\/CreativeWork\" ><div class='avia_textblock '   itemprop=\"text\" ><\/div><\/section>\n","protected":false},"excerpt":{"rendered":"","protected":false},"author":1,"featured_media":0,"parent":0,"menu_order":0,"comment_status":"open","ping_status":"open","template":"","meta":[],"_links":{"self":[{"href":"https:\/\/www.toproc.ch\/fr\/wp-json\/wp\/v2\/pages\/1841\/"}],"collection":[{"href":"https:\/\/www.toproc.ch\/fr\/wp-json\/wp\/v2\/pages\/"}],"about":[{"href":"https:\/\/www.toproc.ch\/fr\/wp-json\/wp\/v2\/types\/page\/"}],"author":[{"embeddable":true,"href":"https:\/\/www.toproc.ch\/fr\/wp-json\/wp\/v2\/users\/1\/"}],"replies":[{"embeddable":true,"href":"https:\/\/www.toproc.ch\/fr\/wp-json\/wp\/v2\/comments\/?post=1841"}],"version-history":[{"count":5,"href":"https:\/\/www.toproc.ch\/fr\/wp-json\/wp\/v2\/pages\/1841\/revisions\/"}],"predecessor-version":[{"id":1861,"href":"https:\/\/www.toproc.ch\/fr\/wp-json\/wp\/v2\/pages\/1841\/revisions\/1861\/"}],"wp:attachment":[{"href":"https:\/\/www.toproc.ch\/fr\/wp-json\/wp\/v2\/media\/?parent=1841"}],"curies":[{"name":"wp","href":"https:\/\/api.w.org\/{rel}","templated":true}]}}